{"id":89,"date":"2023-02-14T15:32:27","date_gmt":"2023-02-14T14:32:27","guid":{"rendered":"https:\/\/www.kartingnumberone.com\/?page_id=89"},"modified":"2024-07-22T10:50:27","modified_gmt":"2024-07-22T08:50:27","slug":"nos-vehicules","status":"publish","type":"page","link":"https:\/\/www.kartingnumberone.com\/index.php\/nos-vehicules\/","title":{"rendered":"Nos v\u00e9hicules"},"content":{"rendered":"<p>[et_pb_section fb_built=\u00a0\u00bb1&Prime; fullwidth=\u00a0\u00bbon\u00a0\u00bb admin_label=\u00a0\u00bbHero\u00a0\u00bb _builder_version=\u00a0\u00bb4.19.5&Prime; background_enable_image=\u00a0\u00bboff\u00a0\u00bb parallax=\u00a0\u00bbon\u00a0\u00bb custom_padding=\u00a0\u00bb0px|0|0px|0px|false|false\u00a0\u00bb global_colors_info=\u00a0\u00bb{}\u00a0\u00bb][et_pb_fullwidth_header title=\u00a0\u00bbKARTS, QUADS, MOTOS CROSS \u00a0\u00bb text_orientation=\u00a0\u00bbcenter\u00a0\u00bb admin_label=\u00a0\u00bbFullwidth Header\u00a0\u00bb _builder_version=\u00a0\u00bb4.19.5&Prime; title_font=\u00a0\u00bbShare Tech||||||||\u00a0\u00bb title_text_align=\u00a0\u00bbcenter\u00a0\u00bb title_font_size=\u00a0\u00bb70px\u00a0\u00bb title_line_height=\u00a0\u00bb1.2em\u00a0\u00bb content_font=\u00a0\u00bbOpen Sans||||||||\u00a0\u00bb content_text_align=\u00a0\u00bbcenter\u00a0\u00bb content_font_size=\u00a0\u00bb18px\u00a0\u00bb content_line_height=\u00a0\u00bb1.8em\u00a0\u00bb background_color=\u00a0\u00bbrgba(0,0,0,0)\u00a0\u00bb use_background_color_gradient=\u00a0\u00bbon\u00a0\u00bb background_color_gradient_direction=\u00a0\u00bb140deg\u00a0\u00bb background_color_gradient_stops=\u00a0\u00bbrgba(0,72,114,0.9) 0%|rgba(41,17,96,0.8) 100%\u00a0\u00bb background_color_gradient_start=\u00a0\u00bbrgba(0,72,114,0.9)\u00a0\u00bb background_color_gradient_end=\u00a0\u00bbrgba(41,17,96,0.8)\u00a0\u00bb parallax=\u00a0\u00bbon\u00a0\u00bb parallax_method=\u00a0\u00bbon\u00a0\u00bb background_video_mp4=\u00a0\u00bbhttps:\/\/www.kartingnumberone.com\/wp-content\/uploads\/2023\/03\/clip-karting-court-aec-texte-1920-1080-2.mp4&Prime; custom_button_one=\u00a0\u00bbon\u00a0\u00bb button_one_text_size=\u00a0\u00bb15px\u00a0\u00bb button_one_bg_color=\u00a0\u00bb#ffa727&Prime; button_one_border_width=\u00a0\u00bb15px\u00a0\u00bb button_one_border_color=\u00a0\u00bb#ffa727&Prime; button_one_border_radius=\u00a0\u00bb100px\u00a0\u00bb button_one_letter_spacing=\u00a0\u00bb5px\u00a0\u00bb button_one_font=\u00a0\u00bbOpen Sans|700||on|||||\u00a0\u00bb custom_margin=\u00a0\u00bb|||\u00a0\u00bb custom_padding=\u00a0\u00bb10vw||10vw||true\u00a0\u00bb custom_padding_tablet=\u00a0\u00bb100px||100px||true\u00a0\u00bb custom_padding_phone=\u00a0\u00bb|||\u00a0\u00bb custom_padding_last_edited=\u00a0\u00bbon|desktop\u00a0\u00bb animation_style=\u00a0\u00bbslide\u00a0\u00bb animation_direction=\u00a0\u00bbleft\u00a0\u00bb title_font_size_tablet=\u00a0\u00bb60px\u00a0\u00bb title_font_size_phone=\u00a0\u00bb36px\u00a0\u00bb title_font_size_last_edited=\u00a0\u00bbon|phone\u00a0\u00bb content_font_size_tablet=\u00a0\u00bb\u00a0\u00bb content_font_size_phone=\u00a0\u00bb16px\u00a0\u00bb content_font_size_last_edited=\u00a0\u00bbon|phone\u00a0\u00bb button_one_text_size_tablet=\u00a0\u00bb\u00a0\u00bb button_one_text_size_phone=\u00a0\u00bb\u00a0\u00bb button_one_text_size_last_edited=\u00a0\u00bbon|desktop\u00a0\u00bb button_one_border_color_hover=\u00a0\u00bb#ff8a3d\u00a0\u00bb button_one_border_radius_hover=\u00a0\u00bb100px\u00a0\u00bb button_one_letter_spacing_hover=\u00a0\u00bb5px\u00a0\u00bb button_one_bg_color_hover=\u00a0\u00bb#ff8a3d\u00a0\u00bb global_colors_info=\u00a0\u00bb{}\u00a0\u00bb button_one_text_size__hover_enabled=\u00a0\u00bboff\u00a0\u00bb button_two_text_size__hover_enabled=\u00a0\u00bboff\u00a0\u00bb button_one_text_color__hover_enabled=\u00a0\u00bboff\u00a0\u00bb button_two_text_color__hover_enabled=\u00a0\u00bboff\u00a0\u00bb button_one_border_width__hover_enabled=\u00a0\u00bboff\u00a0\u00bb button_two_border_width__hover_enabled=\u00a0\u00bboff\u00a0\u00bb button_one_border_color__hover_enabled=\u00a0\u00bbon\u00a0\u00bb button_one_border_color__hover=\u00a0\u00bb#ff8a3d\u00a0\u00bb button_two_border_color__hover_enabled=\u00a0\u00bboff\u00a0\u00bb button_one_border_radius__hover_enabled=\u00a0\u00bbon\u00a0\u00bb button_one_border_radius__hover=\u00a0\u00bb100px\u00a0\u00bb button_two_border_radius__hover_enabled=\u00a0\u00bboff\u00a0\u00bb button_one_letter_spacing__hover_enabled=\u00a0\u00bbon\u00a0\u00bb button_one_letter_spacing__hover=\u00a0\u00bb5px\u00a0\u00bb button_two_letter_spacing__hover_enabled=\u00a0\u00bboff\u00a0\u00bb button_one_bg_color__hover_enabled=\u00a0\u00bbon\u00a0\u00bb button_one_bg_color__hover=\u00a0\u00bb#ff8a3d\u00a0\u00bb button_two_bg_color__hover_enabled=\u00a0\u00bboff\u00a0\u00bb]<\/p>\n<p>au Karting H\u00e9rault NUMBER ONE<\/p>\n<p>[\/et_pb_fullwidth_header][\/et_pb_section][et_pb_section fb_built=\u00a0\u00bb1&Prime; admin_label=\u00a0\u00bbService Type\u00a0\u00bb _builder_version=\u00a0\u00bb4.16&Prime; global_colors_info=\u00a0\u00bb{}\u00a0\u00bb][et_pb_row column_structure=\u00a0\u00bb1_2,1_2&Prime; _builder_version=\u00a0\u00bb4.16&Prime; locked=\u00a0\u00bboff\u00a0\u00bb global_colors_info=\u00a0\u00bb{}\u00a0\u00bb][et_pb_column type=\u00a0\u00bb1_2&Prime; _builder_version=\u00a0\u00bb4.16&Prime; custom_padding=\u00a0\u00bb|||\u00a0\u00bb global_colors_info=\u00a0\u00bb{}\u00a0\u00bb custom_padding__hover=\u00a0\u00bb|||\u00a0\u00bb][et_pb_text _builder_version=\u00a0\u00bb4.19.5&Prime; text_font=\u00a0\u00bbOpen Sans||||||||\u00a0\u00bb text_font_size=\u00a0\u00bb16px\u00a0\u00bb text_line_height=\u00a0\u00bb1.8em\u00a0\u00bb header_font=\u00a0\u00bb||||||||\u00a0\u00bb header_2_font=\u00a0\u00bb||||||||\u00a0\u00bb header_3_font=\u00a0\u00bbShare Tech||||||||\u00a0\u00bb header_3_font_size=\u00a0\u00bb24px\u00a0\u00bb header_3_line_height=\u00a0\u00bb1.6em\u00a0\u00bb locked=\u00a0\u00bboff\u00a0\u00bb global_colors_info=\u00a0\u00bb{}\u00a0\u00bb]<\/p>\n<h3>NOS KARTS ADULTES (+ 15 ans)<\/h3>\n<p>[\/et_pb_text][et_pb_toggle title=\u00a0\u00bbRT8- SODIKART\u00a0\u00bb _builder_version=\u00a0\u00bb4.19.5&Prime; title_font=\u00a0\u00bbShare Tech||||||||\u00a0\u00bb background_color=\u00a0\u00bb#f1f1f1&Prime; custom_margin=\u00a0\u00bb||8px|\u00a0\u00bb custom_padding=\u00a0\u00bb16px||16px||true\u00a0\u00bb border_width_all=\u00a0\u00bb0px\u00a0\u00bb global_colors_info=\u00a0\u00bb{}\u00a0\u00bb][\/et_pb_toggle][et_pb_text _builder_version=\u00a0\u00bb4.21.0&Prime; _module_preset=\u00a0\u00bbdefault\u00a0\u00bb hover_enabled=\u00a0\u00bb0&Prime; global_colors_info=\u00a0\u00bb{}\u00a0\u00bb sticky_enabled=\u00a0\u00bb0&Prime;]<\/p>\n<p style=\"text-align: justify;\"><span>Avec sa flotte de vingt v\u00e9hicules RT8 d\u00e9velopp\u00e9s par la marque SODIKART (leader mondial dans le domaine), nous mettons \u00e0 dispositions de la client\u00e8le le <\/span><a href=\"https:\/\/www.kartingnumberone.com\/pages\/page-d-accueil.html\">must du kart<\/a><span> de location. Equip\u00e9 d\u2019un moteur quatre temps de 270 cm3, RT8 est \u00e0 la pointe en mati\u00e8re de loisir sports m\u00e9caniques. De l\u2019initiation du d\u00e9butant au pilote confirm\u00e9, du vacancier \u00e0 l&rsquo;amateur, de l&rsquo;<\/span><a href=\"https:\/\/www.kartingnumberone.com\/pages\/groupes-enterrements-de-vie.html\">enterrement de vie de gar\u00e7on<\/a><span> festif au courses de <\/span><a href=\"https:\/\/www.kartingnumberone.com\/pages\/seminaire-dentreprise-karting-herault.html\">s\u00e9minaires d&rsquo;entreprises<\/a><span>, il r\u00e9pond \u00e0 la perfection \u00e0 votre niveau de conduite et affiche les meilleurs chronos.\u00a0 Le pilotage est nerveux mais ma\u00eetris\u00e9, avec un p\u00e9dalier r\u00e9glable et un baquet r\u00e9pondant aux derni\u00e8res innovations en mati\u00e8re de confort. Equip\u00e9 d\u2019un r\u00e9gulateur, la vitesse peut \u00eatre contr\u00f4l\u00e9e si besoin par t\u00e9l\u00e9commande, en cas de s\u00e9curit\u00e9<\/span><\/p>\n<p>[\/et_pb_text][\/et_pb_column][et_pb_column type=\u00a0\u00bb1_2&Prime; _builder_version=\u00a0\u00bb4.16&Prime; custom_padding=\u00a0\u00bb|||\u00a0\u00bb global_colors_info=\u00a0\u00bb{}\u00a0\u00bb custom_padding__hover=\u00a0\u00bb|||\u00a0\u00bb][et_pb_gallery gallery_ids=\u00a0\u00bb113,112,111,44&Prime; fullwidth=\u00a0\u00bbon\u00a0\u00bb _builder_version=\u00a0\u00bb4.21.0&Prime; _module_preset=\u00a0\u00bbdefault\u00a0\u00bb hover_enabled=\u00a0\u00bb0&Prime; global_colors_info=\u00a0\u00bb{}\u00a0\u00bb sticky_enabled=\u00a0\u00bb0&Prime;][\/et_pb_gallery][\/et_pb_column][\/et_pb_row][\/et_pb_section][et_pb_section fb_built=\u00a0\u00bb1&Prime; admin_label=\u00a0\u00bbService Type\u00a0\u00bb _builder_version=\u00a0\u00bb4.16&Prime; global_colors_info=\u00a0\u00bb{}\u00a0\u00bb][et_pb_row column_structure=\u00a0\u00bb1_2,1_2&Prime; _builder_version=\u00a0\u00bb4.16&Prime; locked=\u00a0\u00bboff\u00a0\u00bb global_colors_info=\u00a0\u00bb{}\u00a0\u00bb][et_pb_column type=\u00a0\u00bb1_2&Prime; _builder_version=\u00a0\u00bb4.16&Prime; custom_padding=\u00a0\u00bb|||\u00a0\u00bb global_colors_info=\u00a0\u00bb{}\u00a0\u00bb custom_padding__hover=\u00a0\u00bb|||\u00a0\u00bb][et_pb_text _builder_version=\u00a0\u00bb4.19.5&Prime; text_font=\u00a0\u00bbOpen Sans||||||||\u00a0\u00bb text_font_size=\u00a0\u00bb16px\u00a0\u00bb text_line_height=\u00a0\u00bb1.8em\u00a0\u00bb header_font=\u00a0\u00bb||||||||\u00a0\u00bb header_2_font=\u00a0\u00bb||||||||\u00a0\u00bb header_3_font=\u00a0\u00bbShare Tech||||||||\u00a0\u00bb header_3_font_size=\u00a0\u00bb24px\u00a0\u00bb header_3_line_height=\u00a0\u00bb1.6em\u00a0\u00bb locked=\u00a0\u00bboff\u00a0\u00bb global_colors_info=\u00a0\u00bb{}\u00a0\u00bb]<\/p>\n<h3>NOS KARTS BI-PLACE\u00a0<\/h3>\n<p>[\/et_pb_text][et_pb_toggle title=\u00a0\u00bb2 DRIVE SODIKART\u2013 (Adulte + Enfant de 4 \u00e0 7 ans)\u00a0\u00bb _builder_version=\u00a0\u00bb4.19.5&Prime; title_font=\u00a0\u00bbShare Tech||||||||\u00a0\u00bb background_color=\u00a0\u00bb#f1f1f1&Prime; custom_margin=\u00a0\u00bb||8px|\u00a0\u00bb custom_padding=\u00a0\u00bb16px||16px||true\u00a0\u00bb border_width_all=\u00a0\u00bb0px\u00a0\u00bb global_colors_info=\u00a0\u00bb{}\u00a0\u00bb][\/et_pb_toggle][et_pb_text _builder_version=\u00a0\u00bb4.19.5&Prime; _module_preset=\u00a0\u00bbdefault\u00a0\u00bb global_colors_info=\u00a0\u00bb{}\u00a0\u00bb]<\/p>\n<p style=\"text-align: justify;\"><span>Nous disposons de 3 karts biplaces sur la piste junior, pour accompagner les tout-petits (de 4 \u00e0 7 ans). Pilot\u00e9 par un adulte, et avec ses deux volants (actif ou fictif pour le passager), ils donnent acc\u00e8s aux sensations du karting aux plus jeunes enfants, et aux personnes handicap\u00e9es ou \u00e0 mobilit\u00e9 r\u00e9duite. Ils sont pourvus d\u2019un p\u00e9dalier et d\u2019un baquet r\u00e9glables. Ces karts biplaces sont id\u00e9aux pour l\u2019apprentissage des trajectoires. Un v\u00e9ritable bijou technique d\u00e9velopp\u00e9 par la marque Sodikart.<\/span><\/p>\n<p>[\/et_pb_text][\/et_pb_column][et_pb_column type=\u00a0\u00bb1_2&Prime; _builder_version=\u00a0\u00bb4.16&Prime; custom_padding=\u00a0\u00bb|||\u00a0\u00bb global_colors_info=\u00a0\u00bb{}\u00a0\u00bb custom_padding__hover=\u00a0\u00bb|||\u00a0\u00bb][et_pb_gallery gallery_ids=\u00a0\u00bb555,556&Prime; fullwidth=\u00a0\u00bbon\u00a0\u00bb _builder_version=\u00a0\u00bb4.19.5&Prime; _module_preset=\u00a0\u00bbdefault\u00a0\u00bb global_colors_info=\u00a0\u00bb{}\u00a0\u00bb][\/et_pb_gallery][\/et_pb_column][\/et_pb_row][\/et_pb_section][et_pb_section fb_built=\u00a0\u00bb1&Prime; admin_label=\u00a0\u00bbService Type\u00a0\u00bb _builder_version=\u00a0\u00bb4.19.5&Prime; background_color=\u00a0\u00bb#edf0f2&Prime; custom_margin=\u00a0\u00bb|||5%\u00a0\u00bb custom_padding=\u00a0\u00bb80px|0|80px|0px|false|false\u00a0\u00bb border_radii=\u00a0\u00bb|20vw|||20vw\u00a0\u00bb global_colors_info=\u00a0\u00bb{}\u00a0\u00bb][et_pb_row column_structure=\u00a0\u00bb1_2,1_2&Prime; _builder_version=\u00a0\u00bb4.16&Prime; global_colors_info=\u00a0\u00bb{}\u00a0\u00bb][et_pb_column type=\u00a0\u00bb1_2&Prime; _builder_version=\u00a0\u00bb4.16&Prime; custom_padding=\u00a0\u00bb|||\u00a0\u00bb global_colors_info=\u00a0\u00bb{}\u00a0\u00bb custom_padding__hover=\u00a0\u00bb|||\u00a0\u00bb][et_pb_gallery gallery_ids=\u00a0\u00bb528,530,134,131,132,133&Prime; fullwidth=\u00a0\u00bbon\u00a0\u00bb _builder_version=\u00a0\u00bb4.19.5&Prime; _module_preset=\u00a0\u00bbdefault\u00a0\u00bb global_colors_info=\u00a0\u00bb{}\u00a0\u00bb][\/et_pb_gallery][\/et_pb_column][et_pb_column type=\u00a0\u00bb1_2&Prime; _builder_version=\u00a0\u00bb4.16&Prime; custom_padding=\u00a0\u00bb|||\u00a0\u00bb global_colors_info=\u00a0\u00bb{}\u00a0\u00bb custom_padding__hover=\u00a0\u00bb|||\u00a0\u00bb][et_pb_text _builder_version=\u00a0\u00bb4.19.5&Prime; text_font=\u00a0\u00bbOpen Sans||||||||\u00a0\u00bb text_font_size=\u00a0\u00bb16px\u00a0\u00bb text_line_height=\u00a0\u00bb1.8em\u00a0\u00bb header_font=\u00a0\u00bb||||||||\u00a0\u00bb header_2_font=\u00a0\u00bb||||||||\u00a0\u00bb header_3_font=\u00a0\u00bbShare Tech||||||||\u00a0\u00bb header_3_font_size=\u00a0\u00bb24px\u00a0\u00bb header_3_line_height=\u00a0\u00bb1.6em\u00a0\u00bb locked=\u00a0\u00bboff\u00a0\u00bb global_colors_info=\u00a0\u00bb{}\u00a0\u00bb]<\/p>\n<h3>NOS KARTS ENFANTS (7-15 ans)<\/h3>\n<p>[\/et_pb_text][et_pb_toggle title=\u00a0\u00bbLR5-SODIKART\u00a0\u00bb _builder_version=\u00a0\u00bb4.19.5&Prime; title_font=\u00a0\u00bbShare Tech||||||||\u00a0\u00bb background_color=\u00a0\u00bb#ffffff\u00a0\u00bb custom_margin=\u00a0\u00bb||8px|\u00a0\u00bb custom_padding=\u00a0\u00bb16px||16px||true\u00a0\u00bb border_width_all=\u00a0\u00bb0px\u00a0\u00bb locked=\u00a0\u00bboff\u00a0\u00bb global_colors_info=\u00a0\u00bb{}\u00a0\u00bb][\/et_pb_toggle][et_pb_text _builder_version=\u00a0\u00bb4.19.5&Prime; _module_preset=\u00a0\u00bbdefault\u00a0\u00bb global_colors_info=\u00a0\u00bb{}\u00a0\u00bb]<\/p>\n<p style=\"text-align: justify;\">Nous disposons de 11 mod\u00e8les LR5 SODIKART. Ces petites merveilles de m\u00e9caniques sont \u00e9quip\u00e9s d\u2019un moteur 4 temps de 120 cm3. Sp\u00e9cialement adapt\u00e9s aux enfants et adolescents, ces karts tr\u00e8s fiables affichent un niveau de s\u00e9curit\u00e9 optimal. L\u2019arceau de s\u00e9curit\u00e9 comporte un appui t\u00eate, un p\u00e9dalier et un baquet r\u00e9glables. Le LR5 est lui-aussi \u00e9quip\u00e9 d\u2019un r\u00e9gulateur de vitesse \u00e0 t\u00e9l\u00e9commande en cas de besoin.<\/p>\n<p style=\"text-align: justify;\">Cette petite bombe de m\u00e9canique fera la joie des enfants pendant les vacances ou les <a href=\"https:\/\/www.kartingnumberone.com\/pages\/anniversaires-enfants-au-karting-number-one-cap-d-agde-l-herault.html\">anniversaires au karting<\/a> !<\/p>\n<p>[\/et_pb_text][\/et_pb_column][\/et_pb_row][\/et_pb_section][et_pb_section fb_built=\u00a0\u00bb1&Prime; admin_label=\u00a0\u00bbService Type\u00a0\u00bb _builder_version=\u00a0\u00bb4.19.5&Prime; background_color=\u00a0\u00bb#edf0f2&Prime; custom_margin=\u00a0\u00bb|||5%\u00a0\u00bb custom_padding=\u00a0\u00bb80px|0|80px|0px|false|false\u00a0\u00bb border_radii=\u00a0\u00bboff||22vw|22vw|\u00a0\u00bb global_colors_info=\u00a0\u00bb{}\u00a0\u00bb][et_pb_row column_structure=\u00a0\u00bb1_2,1_2&Prime; _builder_version=\u00a0\u00bb4.16&Prime; global_colors_info=\u00a0\u00bb{}\u00a0\u00bb][et_pb_column type=\u00a0\u00bb1_2&Prime; _builder_version=\u00a0\u00bb4.16&Prime; custom_padding=\u00a0\u00bb|||\u00a0\u00bb global_colors_info=\u00a0\u00bb{}\u00a0\u00bb custom_padding__hover=\u00a0\u00bb|||\u00a0\u00bb][et_pb_gallery gallery_ids=\u00a0\u00bb139,138,140,141&Prime; fullwidth=\u00a0\u00bbon\u00a0\u00bb _builder_version=\u00a0\u00bb4.19.5&Prime; _module_preset=\u00a0\u00bbdefault\u00a0\u00bb global_colors_info=\u00a0\u00bb{}\u00a0\u00bb][\/et_pb_gallery][\/et_pb_column][et_pb_column type=\u00a0\u00bb1_2&Prime; _builder_version=\u00a0\u00bb4.16&Prime; custom_padding=\u00a0\u00bb|||\u00a0\u00bb global_colors_info=\u00a0\u00bb{}\u00a0\u00bb custom_padding__hover=\u00a0\u00bb|||\u00a0\u00bb][et_pb_text _builder_version=\u00a0\u00bb4.19.5&Prime; text_font=\u00a0\u00bbOpen Sans||||||||\u00a0\u00bb text_font_size=\u00a0\u00bb16px\u00a0\u00bb text_line_height=\u00a0\u00bb1.8em\u00a0\u00bb header_font=\u00a0\u00bb||||||||\u00a0\u00bb header_2_font=\u00a0\u00bb||||||||\u00a0\u00bb header_3_font=\u00a0\u00bbShare Tech||||||||\u00a0\u00bb header_3_font_size=\u00a0\u00bb24px\u00a0\u00bb header_3_line_height=\u00a0\u00bb1.6em\u00a0\u00bb locked=\u00a0\u00bboff\u00a0\u00bb global_colors_info=\u00a0\u00bb{}\u00a0\u00bb]<\/p>\n<h3>NOS MOTO-CROSS<\/h3>\n<p>[\/et_pb_text][et_pb_toggle title=\u00a0\u00bbMINI MOTOS YAMAHA TTR50 et CRF 50 HONDA (5 \u00e0 10 ans)\u00a0\u00bb _builder_version=\u00a0\u00bb4.19.5&Prime; title_font=\u00a0\u00bbShare Tech||||||||\u00a0\u00bb background_color=\u00a0\u00bb#d6d6d6&Prime; custom_margin=\u00a0\u00bb||8px|\u00a0\u00bb custom_padding=\u00a0\u00bb16px||16px||true\u00a0\u00bb border_width_all=\u00a0\u00bb0px\u00a0\u00bb locked=\u00a0\u00bboff\u00a0\u00bb global_colors_info=\u00a0\u00bb{}\u00a0\u00bb][\/et_pb_toggle][et_pb_text _builder_version=\u00a0\u00bb4.19.5&Prime; _module_preset=\u00a0\u00bbdefault\u00a0\u00bb global_colors_info=\u00a0\u00bb{}\u00a0\u00bb]<\/p>\n<p><span>Ces mini-motos sont con\u00e7ues pour une client\u00e8le de 5 \u00e0 10 ans. Tr\u00e8s\u00a0simples d\u2019utilisation, elles procureront les joies d\u2019une premi\u00e8re initiation au moto-cross, tout en douceur.<\/span><\/p>\n<p>[\/et_pb_text][et_pb_toggle title=\u00a0\u00bbYAMAHA TTR90 (10 \u00e0 15 ans)\u00a0\u00bb _builder_version=\u00a0\u00bb4.19.5&Prime; title_font=\u00a0\u00bbShare Tech||||||||\u00a0\u00bb background_color=\u00a0\u00bb#d6d6d6&Prime; custom_margin=\u00a0\u00bb||8px|\u00a0\u00bb custom_padding=\u00a0\u00bb16px||16px||true\u00a0\u00bb border_width_all=\u00a0\u00bb0px\u00a0\u00bb locked=\u00a0\u00bboff\u00a0\u00bb global_colors_info=\u00a0\u00bb{}\u00a0\u00bb][\/et_pb_toggle][et_pb_text _builder_version=\u00a0\u00bb4.19.5&Prime; _module_preset=\u00a0\u00bbdefault\u00a0\u00bb global_colors_info=\u00a0\u00bb{}\u00a0\u00bb]<\/p>\n<p style=\"text-align: justify;\"><span>Pour les 10-15 ans, nos deux TTR90 ouvrent les premi\u00e8res portes d\u2019une v\u00e9ritable exp\u00e9rience moto-cross. Pens\u00e9 par Yamaha, ce solide mod\u00e8le d\u00e9veloppe une cylindr\u00e9e de 90cc et procure de premi\u00e8res sensations d\u2019adr\u00e9naline tr\u00e8s appr\u00e9ciables. Maniable, r\u00e9actif, nos jeunes clients l\u2019ont rapidement en main et commencent \u00e0 se l\u00e2cher sur le parcours, sur l\u2019\u0153il attentif du chef de piste.<\/span><\/p>\n<p>[\/et_pb_text][et_pb_toggle title=\u00a0\u00bbKAWAZAKI KLX 110 (10 \u00e0 15 ans)\u00a0\u00bb _builder_version=\u00a0\u00bb4.19.5&Prime; title_font=\u00a0\u00bbShare Tech||||||||\u00a0\u00bb background_color=\u00a0\u00bb#d6d6d6&Prime; custom_margin=\u00a0\u00bb||8px|\u00a0\u00bb custom_padding=\u00a0\u00bb16px||16px||true\u00a0\u00bb border_width_all=\u00a0\u00bb0px\u00a0\u00bb locked=\u00a0\u00bboff\u00a0\u00bb global_colors_info=\u00a0\u00bb{}\u00a0\u00bb]<\/p>\n<p><span>Le plus puissant motocross de notre flotte est \u00e9quip\u00e9 d\u2019un moteur de 110 cm3.\u00a0C\u2019est la reine des motos au Number One, et nous le r\u00e9servons pour les clients plus grands ou pilotes confirm\u00e9s.<\/span><\/p>\n<p>[\/et_pb_toggle][et_pb_text _builder_version=\u00a0\u00bb4.19.5&Prime; _module_preset=\u00a0\u00bbdefault\u00a0\u00bb global_colors_info=\u00a0\u00bb{}\u00a0\u00bb]<\/p>\n<p style=\"text-align: justify;\"><span>Le plus puissant motocross de notre flotte est \u00e9quip\u00e9 d\u2019un moteur de 110 cm3.\u00a0C\u2019est la reine des motos au Number One, et nous le r\u00e9servons pour les clients plus grands ou pilotes confirm\u00e9s.<\/span><\/p>\n<p>[\/et_pb_text][\/et_pb_column][\/et_pb_row][\/et_pb_section][et_pb_section fb_built=\u00a0\u00bb1&Prime; admin_label=\u00a0\u00bbService Type\u00a0\u00bb _builder_version=\u00a0\u00bb4.16&Prime; custom_padding=\u00a0\u00bb||18px|||\u00a0\u00bb locked=\u00a0\u00bboff\u00a0\u00bb global_colors_info=\u00a0\u00bb{}\u00a0\u00bb][et_pb_row column_structure=\u00a0\u00bb1_2,1_2&Prime; _builder_version=\u00a0\u00bb4.16&Prime; locked=\u00a0\u00bboff\u00a0\u00bb global_colors_info=\u00a0\u00bb{}\u00a0\u00bb][et_pb_column type=\u00a0\u00bb1_2&Prime; _builder_version=\u00a0\u00bb4.16&Prime; custom_padding=\u00a0\u00bb|||\u00a0\u00bb global_colors_info=\u00a0\u00bb{}\u00a0\u00bb custom_padding__hover=\u00a0\u00bb|||\u00a0\u00bb][et_pb_text _builder_version=\u00a0\u00bb4.19.5&Prime; text_font=\u00a0\u00bbOpen Sans||||||||\u00a0\u00bb text_font_size=\u00a0\u00bb16px\u00a0\u00bb text_line_height=\u00a0\u00bb1.8em\u00a0\u00bb header_font=\u00a0\u00bb||||||||\u00a0\u00bb header_2_font=\u00a0\u00bb||||||||\u00a0\u00bb header_3_font=\u00a0\u00bbShare Tech||||||||\u00a0\u00bb header_3_font_size=\u00a0\u00bb24px\u00a0\u00bb header_3_line_height=\u00a0\u00bb1.6em\u00a0\u00bb locked=\u00a0\u00bboff\u00a0\u00bb global_colors_info=\u00a0\u00bb{}\u00a0\u00bb]<\/p>\n<h3>LES QUADS<\/h3>\n<p>[\/et_pb_text][et_pb_toggle title=\u00a0\u00bbMicro quad SUZUKI LT (5 \u00e0 7 ans)\u00a0\u00bb _builder_version=\u00a0\u00bb4.19.5&Prime; title_font=\u00a0\u00bbShare Tech||||||||\u00a0\u00bb background_color=\u00a0\u00bb#ffffff\u00a0\u00bb custom_margin=\u00a0\u00bb||8px|\u00a0\u00bb custom_padding=\u00a0\u00bb16px||16px||true\u00a0\u00bb border_width_all=\u00a0\u00bb0px\u00a0\u00bb locked=\u00a0\u00bboff\u00a0\u00bb global_colors_info=\u00a0\u00bb{}\u00a0\u00bb][\/et_pb_toggle][et_pb_text _builder_version=\u00a0\u00bb4.19.5&Prime; _module_preset=\u00a0\u00bbdefault\u00a0\u00bb global_colors_info=\u00a0\u00bb{}\u00a0\u00bb]<\/p>\n<p style=\"text-align: justify;\"><span>D\u00e9veloppant une puissance de 50 cm3 et destin\u00e9 aux enfants de 5 \u00e0 7 ans, il est la r\u00e9f\u00e9rence dans le domaine. Le LT est tr\u00e8s simple d\u2019utilisation, avec son acc\u00e9l\u00e9rateur \u00e0 g\u00e2chette et son syst\u00e8me de frein adapt\u00e9 aux petits. La faible hauteur de selle permet une assise ajust\u00e9e aux tout-petits.<\/span><\/p>\n<p>[\/et_pb_text][et_pb_toggle title=\u00a0\u00bbMini quad POLARIS (7 \u00e0 10 ans)\u00a0\u00bb _builder_version=\u00a0\u00bb4.19.5&Prime; title_font=\u00a0\u00bbShare Tech||||||||\u00a0\u00bb background_color=\u00a0\u00bb#ffffff\u00a0\u00bb custom_margin=\u00a0\u00bb||8px|\u00a0\u00bb custom_padding=\u00a0\u00bb55px||55px||true|\u00a0\u00bb border_width_all=\u00a0\u00bb0px\u00a0\u00bb locked=\u00a0\u00bboff\u00a0\u00bb global_colors_info=\u00a0\u00bb{}\u00a0\u00bb][\/et_pb_toggle][et_pb_text _builder_version=\u00a0\u00bb4.19.5&Prime; _module_preset=\u00a0\u00bbdefault\u00a0\u00bb global_colors_info=\u00a0\u00bb{}\u00a0\u00bb]<\/p>\n<p style=\"text-align: justify;\"><span>Pourvu d\u2019un moteur de 50 cm3, il est revanche con\u00e7u pour des enfants plus grands (7 \u00e0 10 ans). Son assise exceptionnelle et sa suspension performante accompagnent l\u2019enfant dans les obstacles et les virages, conciliant la juste sensation avec le confort pour des enfants d\u00e9butants.<\/span><\/p>\n<p>[\/et_pb_text][et_pb_toggle title=\u00a0\u00bbQuad Junior POLARIS OUTLAW (10 \u00e0 15 ans)\u00a0\u00bb _builder_version=\u00a0\u00bb4.19.5&Prime; title_font=\u00a0\u00bbShare Tech||||||||\u00a0\u00bb background_color=\u00a0\u00bb#ffffff\u00a0\u00bb custom_margin=\u00a0\u00bb||8px|\u00a0\u00bb custom_padding=\u00a0\u00bb16px||16px||true\u00a0\u00bb border_width_all=\u00a0\u00bb0px\u00a0\u00bb locked=\u00a0\u00bboff\u00a0\u00bb global_colors_info=\u00a0\u00bb{}\u00a0\u00bb][\/et_pb_toggle][et_pb_text _builder_version=\u00a0\u00bb4.19.5&Prime; _module_preset=\u00a0\u00bbdefault\u00a0\u00bb global_colors_info=\u00a0\u00bb{}\u00a0\u00bb]<\/p>\n<p style=\"text-align: justify;\"><span>L\u2019Outlaw dispose d\u2019un 4 temps monocylindr\u00e9 de 90 cm3. Plus nerveux, rapide, il r\u00e9pond aux envies plus fougueuses de notre client\u00e8le de pr\u00e9-ados\/ados. C\u2019est pour sa robustesse et sa fiabilit\u00e9 que nous avons opt\u00e9 pour ce mod\u00e8le. Adapt\u00e9 \u00e0 une client\u00e8le de d\u00e9butant, il saura n\u00e9anmoins d\u00e9ployer une r\u00e9activit\u00e9 pour des jeunes pilotes initi\u00e9s..<\/span><\/p>\n<p>[\/et_pb_text][\/et_pb_column][et_pb_column type=\u00a0\u00bb1_2&Prime; _builder_version=\u00a0\u00bb4.16&Prime; custom_padding=\u00a0\u00bb|||\u00a0\u00bb global_colors_info=\u00a0\u00bb{}\u00a0\u00bb custom_padding__hover=\u00a0\u00bb|||\u00a0\u00bb][et_pb_image src=\u00a0\u00bbhttps:\/\/www.kartingnumberone.com\/wp-content\/uploads\/2023\/02\/csm-2016-outlaw-50-voodoo-blue-ebb6132c3d.jpeg\u00a0\u00bb title_text=\u00a0\u00bbcsm-2016-outlaw-50-voodoo-blue-ebb6132c3d\u00a0\u00bb align_tablet=\u00a0\u00bbcenter\u00a0\u00bb align_phone=\u00a0\u00bbcenter\u00a0\u00bb align_last_edited=\u00a0\u00bbon|desktop\u00a0\u00bb _builder_version=\u00a0\u00bb4.19.5&Prime; locked=\u00a0\u00bboff\u00a0\u00bb global_colors_info=\u00a0\u00bb{}\u00a0\u00bb][\/et_pb_image][\/et_pb_column][\/et_pb_row][\/et_pb_section]<\/p>\n","protected":false},"excerpt":{"rendered":"<p>au Karting H\u00e9rault NUMBER ONENOS KARTS ADULTES (+ 15 ans)Avec sa flotte de vingt v\u00e9hicules RT8 d\u00e9velopp\u00e9s par la marque SODIKART (leader mondial dans le domaine), nous mettons \u00e0 dispositions de la client\u00e8le le must du kart de location. Equip\u00e9 d\u2019un moteur quatre temps de 270 cm3, RT8 est \u00e0 la pointe en mati\u00e8re de [&hellip;]<\/p>\n","protected":false},"author":1,"featured_media":0,"parent":0,"menu_order":0,"comment_status":"closed","ping_status":"closed","template":"","meta":{"_et_pb_use_builder":"on","_et_pb_old_content":"","_et_gb_content_width":"","footnotes":""},"class_list":["post-89","page","type-page","status-publish","hentry"],"_links":{"self":[{"href":"https:\/\/www.kartingnumberone.com\/index.php\/wp-json\/wp\/v2\/pages\/89","targetHints":{"allow":["GET"]}}],"collection":[{"href":"https:\/\/www.kartingnumberone.com\/index.php\/wp-json\/wp\/v2\/pages"}],"about":[{"href":"https:\/\/www.kartingnumberone.com\/index.php\/wp-json\/wp\/v2\/types\/page"}],"author":[{"embeddable":true,"href":"https:\/\/www.kartingnumberone.com\/index.php\/wp-json\/wp\/v2\/users\/1"}],"replies":[{"embeddable":true,"href":"https:\/\/www.kartingnumberone.com\/index.php\/wp-json\/wp\/v2\/comments?post=89"}],"version-history":[{"count":32,"href":"https:\/\/www.kartingnumberone.com\/index.php\/wp-json\/wp\/v2\/pages\/89\/revisions"}],"predecessor-version":[{"id":645,"href":"https:\/\/www.kartingnumberone.com\/index.php\/wp-json\/wp\/v2\/pages\/89\/revisions\/645"}],"wp:attachment":[{"href":"https:\/\/www.kartingnumberone.com\/index.php\/wp-json\/wp\/v2\/media?parent=89"}],"curies":[{"name":"wp","href":"https:\/\/api.w.org\/{rel}","templated":true}]}}